{"id":376,"date":"2025-03-20T13:28:47","date_gmt":"2025-03-20T13:28:47","guid":{"rendered":"https:\/\/www.espace-chavanelle.fr\/?page_id=376"},"modified":"2025-03-20T13:29:33","modified_gmt":"2025-03-20T13:29:33","slug":"mentions-legales","status":"publish","type":"page","link":"https:\/\/www.espace-chavanelle.fr\/?page_id=376","title":{"rendered":"Mentions l\u00e9gales"},"content":{"rendered":"\t\t<div data-elementor-type=\"wp-page\" data-elementor-id=\"376\" class=\"elementor elementor-376\" data-elementor-post-type=\"page\">\n\t\t\t\t<div class=\"elementor-element elementor-element-476f278 e-flex e-con-boxed e-con e-parent\" data-id=\"476f278\" data-element_type=\"container\">\n\t\t\t\t\t<div class=\"e-con-inner\">\n\t\t\t\t<div class=\"elementor-element elementor-element-a453dc7 elementor-widget elementor-widget-heading\" data-id=\"a453dc7\" data-element_type=\"widget\" data-widget_type=\"heading.default\">\n\t\t\t\t<div class=\"elementor-widget-container\">\n\t\t\t\t\t<h2 class=\"elementor-heading-title elementor-size-default\">Mentions l\u00e9gales<\/h2>\t\t\t\t<\/div>\n\t\t\t\t<\/div>\n\t\t\t\t<div class=\"elementor-element elementor-element-fdf6414 rgpd elementor-widget elementor-widget-text-editor\" data-id=\"fdf6414\" data-element_type=\"widget\" data-widget_type=\"text-editor.default\">\n\t\t\t\t<div class=\"elementor-widget-container\">\n\t\t\t\t\t\t\t\t\t\n<div class=\"title-blue\">\n    <h2>Site \u00e9dit\u00e9 par Ekypia pour le compte de TRINACRIA<\/h2>\n<\/div>\n    <p>Activit\u00e9s des services financiers, hors assurance et caisses de retraite<\/p>\n    <p>Pr\u00e9sident : Gautheron Orlane \u2013 legroupenostra@gmail.com<\/p>\n    <p>IMMEUBLE HORIZON, 3 RUE JACQUES CONSTANT MILLERET, 42000 SAINT-ETIENNE<\/p>\n    <p>SIRET : 98131519500017<br>SIREN : 981315195<br>Code APE : \n64.20Z  (Activit\u00e9s des soci\u00e9t\u00e9s holding)<\/p>\n\n\n\n<div class=\"title-blue\">\n    <h2>Conception<\/h2>\n<\/div>\n\n    <p>Cr\u00e9ation graphique et r\u00e9alisation du site internet : <a href=\"https:\/\/www.ekypia.fr\/\" target=\"_blank\"\n                                                               rel=\"noopener\">Ekypia<\/a><br>Cr\u00e9dit photo : TRINACRIA,\n        Adobe Stock, Pexels, Unsplash, Freepik.<\/p>\n<div class=\"title-blue\">\n    <h2>H\u00e9bergement<\/h2>\n<\/div>\n    <p>Site h\u00e9berg\u00e9 par la soci\u00e9t\u00e9 OVH SAS<\/p>\n    <p>OVH SAS<br>140, quai du Sartel<br>59100 Roubaix<\/p>\n\n<div class=\"title-blue\">\n    <h2>Propri\u00e9t\u00e9 intellectuelle<\/h2>\n<\/div>\n\n    <p>L\u2019utilisateur s\u2019engage \u00e0 ne pas reproduire, r\u00e9sumer, modifier, alt\u00e9rer ou rediffuser, sans autorisation expresse\n        pr\u00e9alable de l\u2019\u00e9diteur, quelque texte, titre, application, logo, marque, information ou illustration, pour un\n        usage autre que strictement priv\u00e9, ce qui exclut toute repr\u00e9sentation \u00e0 des fins professionnelles ou de\n        rediffusion en nombre. De m\u00eame, l\u2019utilisateur s\u2019engage \u00e0 ne pas recopier tout ou partie du site ou un r\u00e9seau\n        interne d\u2019entreprise.<\/p>\n<div class=\"title-blue\">\n    <h2>Le contenu du site<\/h2>\n<\/div>\n    <p>Le site, les textes, les images, les sons, les photos, les graphiques, les fichiers t\u00e9l\u00e9chargeables et plus\n        g\u00e9n\u00e9ralement tous les objets contenus dans le site sont la propri\u00e9t\u00e9 exclusive de TRINACRIA et\/ou des auteurs\n        mentionn\u00e9s. Ce site et les \u00e9l\u00e9ments qui le composent constituent des \u0153uvres prot\u00e9g\u00e9es par la l\u00e9gislation\n        fran\u00e7aise et les conventions internationales relatives au droit d\u2019auteur et \u00e0 la propri\u00e9t\u00e9 intellectuelle.<\/p>\n    <p>La reproduction du site ou des \u00e9l\u00e9ments qui le composent pris individuellement est interdite sauf autorisation\n        expresse pr\u00e9alable du directeur de la publication. Pour toute reproduction autoris\u00e9e ou toute citation, devra\n        \u00eatre mentionn\u00e9 le nom de l\u2019auteur et la source.<\/p>\n<div class=\"title-blue\">\n    <h2>Donn\u00e9es personnelles et droit de rectification<\/h2>\n<\/div>\n    <p>Conform\u00e9ment \u00e0 la loi n\u00b078-17 du 6 janvier 1978, dite Loi Informatique et Libert\u00e9, vous disposez d\u2019un droit\n        d\u2019acc\u00e8s, de modification, de rectification ou de suppression vous concernant en vous adressant \u00e0 :<\/p>\n\n<div class=\"title-blue\">\n    <h2>TRINACRIA<\/h2>\n<\/div>\n    <p>IMMEUBLE HORIZON, 3 RUE JACQUES CONSTANT MILLERET, 42000 SAINT-ETIENNE<\/p>\t\t\t\t\t\t\t\t<\/div>\n\t\t\t\t<\/div>\n\t\t\t\t\t<\/div>\n\t\t\t\t<\/div>\n\t\t\t\t<\/div>\n\t\t","protected":false},"excerpt":{"rendered":"<p>Mentions l\u00e9gales Site \u00e9dit\u00e9 par Ekypia pour le compte de TRINACRIA Activit\u00e9s des services financiers, hors assurance et caisses de retraite Pr\u00e9sident : Gautheron Orlane \u2013 legroupenostra@gmail.com IMMEUBLE HORIZON, 3 RUE JACQUES CONSTANT MILLERET, 42000 SAINT-ETIENNE SIRET : 98131519500017SIREN : 981315195Code APE : 64.20Z (Activit\u00e9s des soci\u00e9t\u00e9s holding) Conception Cr\u00e9ation graphique et r\u00e9alisation du site [&hellip;]<\/p>\n","protected":false},"author":1,"featured_media":0,"parent":0,"menu_order":0,"comment_status":"closed","ping_status":"closed","template":"","meta":{"_acf_changed":false,"footnotes":""},"class_list":["post-376","page","type-page","status-publish","hentry"],"acf":[],"yoast_head":"<!-- This site is optimized with the Yoast SEO plugin v24.7 - https:\/\/yoast.com\/wordpress\/plugins\/seo\/ -->\n<title>Mentions l\u00e9gales - L&#039;espace Chavanelle<\/title>\n<meta name=\"robots\" content=\"noindex, follow, max-snippet:-1, max-image-preview:large, max-video-preview:-1\" \/>\n<meta property=\"og:locale\" content=\"fr_FR\" \/>\n<meta property=\"og:type\" content=\"article\" \/>\n<meta property=\"og:title\" content=\"Mentions l\u00e9gales - L&#039;espace Chavanelle\" \/>\n<meta property=\"og:description\" content=\"Mentions l\u00e9gales Site \u00e9dit\u00e9 par Ekypia pour le compte de TRINACRIA Activit\u00e9s des services financiers, hors assurance et caisses de retraite Pr\u00e9sident : Gautheron Orlane \u2013 legroupenostra@gmail.com IMMEUBLE HORIZON, 3 RUE JACQUES CONSTANT MILLERET, 42000 SAINT-ETIENNE SIRET : 98131519500017SIREN : 981315195Code APE : 64.20Z (Activit\u00e9s des soci\u00e9t\u00e9s holding) Conception Cr\u00e9ation graphique et r\u00e9alisation du site [&hellip;]\" \/>\n<meta property=\"og:url\" content=\"https:\/\/www.espace-chavanelle.fr\/?page_id=376\" \/>\n<meta property=\"og:site_name\" content=\"L&#039;espace Chavanelle\" \/>\n<meta property=\"article:modified_time\" content=\"2025-03-20T13:29:33+00:00\" \/>\n<meta name=\"twitter:card\" content=\"summary_large_image\" \/>\n<meta name=\"twitter:label1\" content=\"Dur\u00e9e de lecture estim\u00e9e\" \/>\n\t<meta name=\"twitter:data1\" content=\"2 minutes\" \/>\n<script type=\"application\/ld+json\" class=\"yoast-schema-graph\">{\"@context\":\"https:\/\/schema.org\",\"@graph\":[{\"@type\":\"WebPage\",\"@id\":\"https:\/\/www.espace-chavanelle.fr\/?page_id=376\",\"url\":\"https:\/\/www.espace-chavanelle.fr\/?page_id=376\",\"name\":\"Mentions l\u00e9gales - L&#039;espace Chavanelle\",\"isPartOf\":{\"@id\":\"https:\/\/www.espace-chavanelle.fr\/#website\"},\"datePublished\":\"2025-03-20T13:28:47+00:00\",\"dateModified\":\"2025-03-20T13:29:33+00:00\",\"breadcrumb\":{\"@id\":\"https:\/\/www.espace-chavanelle.fr\/?page_id=376#breadcrumb\"},\"inLanguage\":\"fr-FR\",\"potentialAction\":[{\"@type\":\"ReadAction\",\"target\":[\"https:\/\/www.espace-chavanelle.fr\/?page_id=376\"]}]},{\"@type\":\"BreadcrumbList\",\"@id\":\"https:\/\/www.espace-chavanelle.fr\/?page_id=376#breadcrumb\",\"itemListElement\":[{\"@type\":\"ListItem\",\"position\":1,\"name\":\"Accueil\",\"item\":\"https:\/\/www.espace-chavanelle.fr\/\"},{\"@type\":\"ListItem\",\"position\":2,\"name\":\"Mentions l\u00e9gales\"}]},{\"@type\":\"WebSite\",\"@id\":\"https:\/\/www.espace-chavanelle.fr\/#website\",\"url\":\"https:\/\/www.espace-chavanelle.fr\/\",\"name\":\"L&#039;espace Chavanelle\",\"description\":\"\",\"potentialAction\":[{\"@type\":\"SearchAction\",\"target\":{\"@type\":\"EntryPoint\",\"urlTemplate\":\"https:\/\/www.espace-chavanelle.fr\/?s={search_term_string}\"},\"query-input\":{\"@type\":\"PropertyValueSpecification\",\"valueRequired\":true,\"valueName\":\"search_term_string\"}}],\"inLanguage\":\"fr-FR\"}]}<\/script>\n<!-- \/ Yoast SEO plugin. -->","yoast_head_json":{"title":"Mentions l\u00e9gales - L&#039;espace Chavanelle","robots":{"index":"noindex","follow":"follow","max-snippet":"max-snippet:-1","max-image-preview":"max-image-preview:large","max-video-preview":"max-video-preview:-1"},"og_locale":"fr_FR","og_type":"article","og_title":"Mentions l\u00e9gales - L&#039;espace Chavanelle","og_description":"Mentions l\u00e9gales Site \u00e9dit\u00e9 par Ekypia pour le compte de TRINACRIA Activit\u00e9s des services financiers, hors assurance et caisses de retraite Pr\u00e9sident : Gautheron Orlane \u2013 legroupenostra@gmail.com IMMEUBLE HORIZON, 3 RUE JACQUES CONSTANT MILLERET, 42000 SAINT-ETIENNE SIRET : 98131519500017SIREN : 981315195Code APE : 64.20Z (Activit\u00e9s des soci\u00e9t\u00e9s holding) Conception Cr\u00e9ation graphique et r\u00e9alisation du site [&hellip;]","og_url":"https:\/\/www.espace-chavanelle.fr\/?page_id=376","og_site_name":"L&#039;espace Chavanelle","article_modified_time":"2025-03-20T13:29:33+00:00","twitter_card":"summary_large_image","twitter_misc":{"Dur\u00e9e de lecture estim\u00e9e":"2 minutes"},"schema":{"@context":"https:\/\/schema.org","@graph":[{"@type":"WebPage","@id":"https:\/\/www.espace-chavanelle.fr\/?page_id=376","url":"https:\/\/www.espace-chavanelle.fr\/?page_id=376","name":"Mentions l\u00e9gales - L&#039;espace Chavanelle","isPartOf":{"@id":"https:\/\/www.espace-chavanelle.fr\/#website"},"datePublished":"2025-03-20T13:28:47+00:00","dateModified":"2025-03-20T13:29:33+00:00","breadcrumb":{"@id":"https:\/\/www.espace-chavanelle.fr\/?page_id=376#breadcrumb"},"inLanguage":"fr-FR","potentialAction":[{"@type":"ReadAction","target":["https:\/\/www.espace-chavanelle.fr\/?page_id=376"]}]},{"@type":"BreadcrumbList","@id":"https:\/\/www.espace-chavanelle.fr\/?page_id=376#breadcrumb","itemListElement":[{"@type":"ListItem","position":1,"name":"Accueil","item":"https:\/\/www.espace-chavanelle.fr\/"},{"@type":"ListItem","position":2,"name":"Mentions l\u00e9gales"}]},{"@type":"WebSite","@id":"https:\/\/www.espace-chavanelle.fr\/#website","url":"https:\/\/www.espace-chavanelle.fr\/","name":"L&#039;espace Chavanelle","description":"","potentialAction":[{"@type":"SearchAction","target":{"@type":"EntryPoint","urlTemplate":"https:\/\/www.espace-chavanelle.fr\/?s={search_term_string}"},"query-input":{"@type":"PropertyValueSpecification","valueRequired":true,"valueName":"search_term_string"}}],"inLanguage":"fr-FR"}]}},"_links":{"self":[{"href":"https:\/\/www.espace-chavanelle.fr\/index.php?rest_route=\/wp\/v2\/pages\/376","targetHints":{"allow":["GET"]}}],"collection":[{"href":"https:\/\/www.espace-chavanelle.fr\/index.php?rest_route=\/wp\/v2\/pages"}],"about":[{"href":"https:\/\/www.espace-chavanelle.fr\/index.php?rest_route=\/wp\/v2\/types\/page"}],"author":[{"embeddable":true,"href":"https:\/\/www.espace-chavanelle.fr\/index.php?rest_route=\/wp\/v2\/users\/1"}],"replies":[{"embeddable":true,"href":"https:\/\/www.espace-chavanelle.fr\/index.php?rest_route=%2Fwp%2Fv2%2Fcomments&post=376"}],"version-history":[{"count":4,"href":"https:\/\/www.espace-chavanelle.fr\/index.php?rest_route=\/wp\/v2\/pages\/376\/revisions"}],"predecessor-version":[{"id":380,"href":"https:\/\/www.espace-chavanelle.fr\/index.php?rest_route=\/wp\/v2\/pages\/376\/revisions\/380"}],"wp:attachment":[{"href":"https:\/\/www.espace-chavanelle.fr\/index.php?rest_route=%2Fwp%2Fv2%2Fmedia&parent=376"}],"curies":[{"name":"wp","href":"https:\/\/api.w.org\/{rel}","templated":true}]}}