{"id":368,"date":"2025-03-20T13:20:43","date_gmt":"2025-03-20T13:20:43","guid":{"rendered":"https:\/\/www.espace-chavanelle.fr\/?page_id=368"},"modified":"2025-03-20T13:22:16","modified_gmt":"2025-03-20T13:22:16","slug":"politique-de-protection-des-donnees-personnelles","status":"publish","type":"page","link":"https:\/\/www.espace-chavanelle.fr\/?page_id=368","title":{"rendered":"Politique de protection des donn\u00e9es personnelles"},"content":{"rendered":"\t\t<div data-elementor-type=\"wp-page\" data-elementor-id=\"368\" class=\"elementor elementor-368\" data-elementor-post-type=\"page\">\n\t\t\t\t<div class=\"elementor-element elementor-element-61e1770 e-flex e-con-boxed e-con e-parent\" data-id=\"61e1770\" data-element_type=\"container\">\n\t\t\t\t\t<div class=\"e-con-inner\">\n\t\t\t\t<div class=\"elementor-element elementor-element-14193ac elementor-widget elementor-widget-heading\" data-id=\"14193ac\" data-element_type=\"widget\" data-widget_type=\"heading.default\">\n\t\t\t\t<div class=\"elementor-widget-container\">\n\t\t\t\t\t<h1 class=\"elementor-heading-title elementor-size-default\">Politique de protection<br> des <span>donn\u00e9es personnelles<\/span><\/h1>\t\t\t\t<\/div>\n\t\t\t\t<\/div>\n\t\t\t\t<div class=\"elementor-element elementor-element-92f3b0f rgpd elementor-widget elementor-widget-text-editor\" data-id=\"92f3b0f\" data-element_type=\"widget\" data-widget_type=\"text-editor.default\">\n\t\t\t\t<div class=\"elementor-widget-container\">\n\t\t\t\t\t\t\t\t\t\n<p>Afin que vous puissiez naviguer sur notre site en toute tranquillit\u00e9 nous souhaitons partager avec vous sur cette page les finalit\u00e9s et les m\u00e9thodes de traitement des donn\u00e9es personnelles que nous collectons pendant votre navigation.<br>\nLe traitement de vos donn\u00e9es personnelles est toujours bas\u00e9 sur les principes de l\u00e9galit\u00e9 et d&#8217;\u00e9quit\u00e9 conform\u00e9ment \u00e0 toutes les lois applicables.<br>\nVous trouverez ci-dessous tous les d\u00e9tails concernant le traitement de vos donn\u00e9es personnelles.<br>\n<\/p>\n\n<p>La protection des donn\u00e9es est assur\u00e9e dans une finalit\u00e9 de confidentialit\u00e9, de non alt\u00e9ration et de s\u00e9curit\u00e9 des donn\u00e9es que vous nous confiez.<\/p>\n\n<p>L\u2019ensemble des mesures n\u00e9cessaires sont prises afin ;<\/p>\n<ul>\n<li>&#8211;\tQue vous puissiez \u00eatre parfaitement inform\u00e9 de la mani\u00e8re dont sont trait\u00e9es vos donn\u00e9es,<\/li>\n<li>&#8211;\tDe conserver vos Donn\u00e9es uniquement le temps n\u00e9cessaire aux fins du traitement,<\/li>\n<li>&#8211;\tQue vous puissiez acc\u00e9der \u00e0 vos donn\u00e9es \u00e0 tout moment afin de les modifier ou en demander la suppression.<\/li>\n<\/ul>\n<p>\nPour atteindre ces objectifs, nous mettons en \u0153uvre les mesures techniques appropri\u00e9es pour nous assurer que les traitements sont conformes au droit applicable en mati\u00e8re de protection des Donn\u00e9es.\n<\/p>\n\n<h2>Note sur la politique de confidentialit\u00e9<\/h2>\n\n<p>Cette d\u00e9claration vous permet de savoir, avant m\u00eame d&#8217;acc\u00e9der aux diff\u00e9rentes sections du Site, comment nous traiterons vos donn\u00e9es personnelles, qu&#8217;elles soient fournies directement par vous (telles que vos nom, pr\u00e9nom, adresse postale et \u00e9lectronique, mot de passe, \u00e2ge, date de naissance, sexe, profession, \u00e9tat civil, etc.) ou collect\u00e9es par nos soins d&#8217;une autre mani\u00e8re. <\/p>\n\n\n<h2>Identit\u00e9 et coordonn\u00e9es du responsable du traitement<\/h2>\n\n<p>Le titulaire du traitement est TRINACRIA, dont le si\u00e8ge social est sis IMMEUBLE HORIZON, 3 RUE JACQUES CONSTANT MILLERET, 42000 SAINT-ETIENNE<\/p>\n\n<p>TRINACRIAtraitera vos donn\u00e9es personnelles conform\u00e9ment au R\u00e8glement (UE) 2016\/679 du Parlement europ\u00e9en et du Conseil du 27 avril 2016 relatif \u00e0 la protection des personnes physiques \u00e0 l&#8217;\u00e9gard du traitement des donn\u00e9es \u00e0 caract\u00e8re personnel et \u00e0 la libre circulation de ces donn\u00e9es (ci-apr\u00e8s &#8220;Politique de confidentialit\u00e9&#8221;).<\/p>\n\n\n<h2>Quelles sont les donn\u00e9es personnelles trait\u00e9es par TRINACRIA<\/h2>\n\n<p>TRINACRIAcollecte les informations strictement n\u00e9cessaires \u00e0 la fourniture de nos services.\nVotre navigation sur le Site et\/ou votre acc\u00e8s \u00e0 certaines sections du Site peut impliquer la collecte et le traitement ult\u00e9rieur de vos Donn\u00e9es personnelles par TRINACRIA. Lors de la connexion au Site, les syst\u00e8mes informatiques et les proc\u00e9dures logicielles utilis\u00e9s pour les faire fonctionner acqui\u00e8rent automatiquement et\/ou indirectement certaines informations (Cookies).<br>\nConform\u00e9ment \u00e0 la loi, TRINACRIA ne collecte pas les donn\u00e9es qui r\u00e9v\u00e8lent l\u2019origine raciale ou ethnique, les opinions politiques, les convictions religieuses ou philosophiques ou l\u2019appartenance syndicale, les donn\u00e9es personnelles g\u00e9n\u00e9tiques, les donn\u00e9es personnelles biom\u00e9triques aux fins d\u2019identifier une personne physique de mani\u00e8re unique, les donn\u00e9es personnelles concernant la sant\u00e9 ou les donn\u00e9es personnelles concernant la vie sexuelle ou l\u2019orientation sexuelle d\u2019une personne physique.<\/p>\n\n\n<h2>Obligations L\u00e9gales<\/h2>\n\n<p>TRINACRIApeut \u00eatre tenu de communiquer vos Donn\u00e9es en cas de demandes l\u00e9gitimes d\u2019autorit\u00e9s publiques, notamment pour r\u00e9pondre \u00e0 des exigences en mati\u00e8re de s\u00e9curit\u00e9 nationale, de lutte contre la fraude ou d\u2019application de la loi.<\/p>\n\n\n<h2>Comment traitons-nous vos donn\u00e9es personnelles ?<\/h2>\n\n<p>Le traitement de vos Donn\u00e9es Personnelles peut comprendre tout type d&#8217;op\u00e9ration, y compris la collecte, l&#8217;enregistrement, l&#8217;organisation, le stockage, la consultation, le traitement, la modification, la s\u00e9lection, l&#8217;extraction, la comparaison, l&#8217;utilisation, l&#8217;interconnexion, le blocage, la communication, l&#8217;annulation et la destruction.<\/p>\n\n<p>Vos Donn\u00e9es Personnelles seront trait\u00e9es principalement sous forme automatis\u00e9e mais aussi sous forme papier, avec une logique strictement li\u00e9e \u00e0 ses finalit\u00e9s, \u00e0 travers des bases de donn\u00e9es, des plateformes \u00e9lectroniques g\u00e9r\u00e9es par TRINACRIAou par des tiers d\u00e9sign\u00e9s \u00e0 cet effet comme responsables externes et\/ou syst\u00e8mes informatiques int\u00e9gr\u00e9s de TRINACRIAet des tiers susmentionn\u00e9s et\/ou des sites appartenant ou utilis\u00e9s par TRINACRIA.<\/p>\n\n<p>TRINACRIAa \u00e9valu\u00e9 le niveau de s\u00e9curit\u00e9 comme ad\u00e9quat en tenant compte des risques qui pourraient d\u00e9couler de la perte, de la destruction, de la modification, de la divulgation non autoris\u00e9e, de l&#8217;acc\u00e8s accidentel ou ill\u00e9gal, de l&#8217;abus ou de la modification de vos Donn\u00e9es personnelles. <\/p>\n<p>Plus pr\u00e9cis\u00e9ment :<\/p>\n<ul>\n    <li>&#8211; a pris des mesures de s\u00e9curit\u00e9 adapt\u00e9es aux risques ;<\/li>\n    <li>&#8211; stocke vos Donn\u00e9es Personnelles sur des serveurs situ\u00e9s principalement sur le territoire europ\u00e9en. Dans tous les cas, les serveurs font l&#8217;objet d&#8217;un syst\u00e8me de sauvegarde avanc\u00e9 et quotidien.<\/li>\n<\/ul>\n\n\n\n\n<h2>Qui sont les destinataires de vos donn\u00e9es ?<\/h2>\n\n<p>TRINACRIAveille \u00e0 ce que seules les personnes habilit\u00e9es au sein de sa structure puissent acc\u00e9der \u00e0 vos Donn\u00e9es lorsque cet acc\u00e8s est n\u00e9cessaire \u00e0 l\u2019ex\u00e9cution de notre relation commerciale.<\/p>\n\n<p>Nos prestataires de services peuvent \u00e9galement \u00eatre destinataires des Donn\u00e9es strictement n\u00e9cessaires \u00e0 la r\u00e9alisation des prestations que nous leur aurons confi\u00e9es.<\/p>\n\n\n<h2>Conservation des donn\u00e9es personnelles ?<\/h2>\n\n<p>Afin d&#8217;assurer le respect des principes de n\u00e9cessit\u00e9 et de proportionnalit\u00e9 du traitement, le responsable du traitement a identifi\u00e9 diff\u00e9rentes dur\u00e9es de conservation des donn\u00e9es personnelles en fonction des finalit\u00e9s individuelles poursuivies :<\/p>\n<ul>\n    <li>&#8211; aux fins de la gestion de votre inscription sur le Site, vos Donn\u00e9es personnelles seront conserv\u00e9es pendant le temps strictement n\u00e9cessaire et en tout cas aussi longtemps que votre profil est actif. <\/li>\n    <li>&#8211; aux fins de la gestion et de l&#8217;ex\u00e9cution des obligations pr\u00e9vues par la loi (comptables, administratives, fiscales, etc.), vos donn\u00e9es personnelles seront conserv\u00e9es pendant la dur\u00e9e strictement n\u00e9cessaire \u00e0 cette fin <\/li>\n<\/ul>\n\n\n<p>Au terme de des dur\u00e9es de conservation, nous pouvons proc\u00e9der \u00e0 l\u2019archivage des donn\u00e9es, notamment pour r\u00e9pondre aux d\u00e9lais de prescriptions des actions en justice.\n<\/p>\n<p>Les dur\u00e9es de conservations des Donn\u00e9es respectent les recommandations de la CNIL et\/ou les obligations l\u00e9gales.<\/p>\n\n\n<p>Vos droits concernant le traitement de vos donn\u00e9es personnelles<\/p>\n\n<p>La Politique de confidentialit\u00e9 vous reconna\u00eet, en qualit\u00e9 de partie int\u00e9ress\u00e9e, plusieurs droits. En particulier, vous en avez le droit :<\/p>\n<ul>\n    <li>1.\tD\u2019obtenir du Titulaire la confirmation de l&#8217;existence ou non de vos Donn\u00e9es Personnelles, m\u00eame si elles ne sont pas encore enregistr\u00e9es, et leur communication sous forme intelligible, ainsi que l&#8217;acc\u00e8s \u00e0 vos Donn\u00e9es Personnelles (en obtenant une copie) et aux informations pertinentes (y compris les finalit\u00e9s du traitement, les cat\u00e9gories et origines des Donn\u00e9es Personnelles, les cat\u00e9gories des destinataires auxquels elles ont \u00e9t\u00e9 ou pourront \u00eatre communiqu\u00e9es, la p\u00e9riode de conservation (si possible), les droits qui peuvent s&#8217;exercer) ;<\/li>\n    <li>2.\tD\u2019obtenir du Titulaire la rectification de vos Donn\u00e9es Personnelles et l&#8217;int\u00e9gration de vos Donn\u00e9es Personnelles incompl\u00e8tes ;<\/li>\n    <li>3.\tDe supprimer votre profil sur le Site et, dans tous les cas, obtenir du Titulaire du traitement la suppression de vos Donn\u00e9es Personnelles sans retard injustifi\u00e9, notamment lorsque les Donn\u00e9es Personnelles ne sont plus n\u00e9cessaires aux fins pour lesquelles elles ont \u00e9t\u00e9 trait\u00e9es ou lorsqu&#8217;il n&#8217;existe plus de base l\u00e9gale pour leur traitement ;<\/li>\n    <li>4.\tD\u2019obtenir du Titulaire du traitement la transformation sous forme anonyme ou le blocage de vos donn\u00e9es personnelles trait\u00e9es ill\u00e9galement, y compris celles dont la conservation n&#8217;est pas n\u00e9cessaire, en relation avec les finalit\u00e9s pour lesquelles les donn\u00e9es personnelles ont \u00e9t\u00e9 collect\u00e9es ou trait\u00e9es ult\u00e9rieurement ;<\/li>\n    <li>5.\tD\u2019obtenir du Titulaire la limitation du traitement de vos Donn\u00e9es Personnelles, entre autres, lorsque vous contestez leur exactitude ou vous opposez \u00e0 leur traitement, pour la p\u00e9riode n\u00e9cessaire \u00e0 leur v\u00e9rification respective ;<\/li>\n    <li>6.\tDe recevoir, dans un format structur\u00e9, couramment utilis\u00e9 et lisible par dispositif automatique, vos Donn\u00e9es Personnelles et transmettre ou, si cela est techniquement possible, obtenir la transmission directe de vos Donn\u00e9es Personnelles \u00e0 un autre responsable du traitement sans entrave, dans le cas o\u00f9 le traitement est effectu\u00e9 par des moyens automatis\u00e9s et est bas\u00e9 sur votre consentement ou est n\u00e9cessaire pour l&#8217;ex\u00e9cution d&#8217;un contrat dont vous \u00eates partie;<\/li>\n    <li>7.\tDe r\u00e9voquer votre consentement au traitement de vos donn\u00e9es personnelles aux fins pour lesquelles elles ont \u00e9t\u00e9 fournies.<\/li>\n<\/ul>\n\n\n\n\n<p>Vous pouvez exercer vos droits \u00e0 l&#8217;encontre de TRINACRIAen acc\u00e9dant \u00e0 la rubrique &#8220;Contact&#8221; du site ou en \u00e9crivant \u00e0 l&#8217;adresse e-mail suivante legroupenostra@gmail.com ou en envoyant un courrier \u00e0 TRINACRIApar courrier ordinaire \u00e0 l&#8217;adresse indiqu\u00e9e dans la rubrique &#8220;Identit\u00e9 et coordonn\u00e9es du titulaire du traitement&#8221;.<\/p>\n\n<p>En outre, si vous estimez que le traitement de vos donn\u00e9es personnelles viole la politique de confidentialit\u00e9, vous pouvez d\u00e9poser une plainte aupr\u00e8s de l&#8217;autorit\u00e9 garante pour la protection des donn\u00e9es personnelles de l&#8217;\u00c9tat dans lequel vous r\u00e9sidez, o\u00f9 se trouve votre lieu de travail ou o\u00f9 la violation all\u00e9gu\u00e9e a eu lieu, ou contacter la m\u00eame autorit\u00e9 pour demander des informations sur l&#8217;exercice de vos droits dans le cadre de la politique de confidentialit\u00e9.<\/p>\n\n\n<h2>Note sur la politique de confidentialit\u00e9 &#8211; cookies<\/h2>\n\n<p>Les cookies servent de marqueurs informatiques envoy\u00e9s par un serveur \u00e0 l&#8217;appareil d&#8217;un utilisateur (g\u00e9n\u00e9ralement le navigateur Internet) lorsque l&#8217;utilisateur acc\u00e8de \u00e0 une page donn\u00e9e d&#8217;un site Web ; les cookies, qui peuvent \u00e9galement \u00eatre d\u00e9finis par des sites Web autres que ceux que l&#8217;utilisateur visite (&#8220;cookies tiers&#8221;), sont automatiquement enregistr\u00e9s par son navigateur et transmis au serveur qui les g\u00e9n\u00e8re \u00e0 chaque acc\u00e8s de l&#8217;utilisateur sur une page Internet. Ainsi, par exemple, les cookies permettent et\/ou facilitent l&#8217;acc\u00e8s \u00e0 certaines pages Internet afin d&#8217;am\u00e9liorer la navigation de l&#8217;utilisateur (c&#8217;est-\u00e0-dire qu&#8217;ils permettent le stockage des pages visit\u00e9es et d&#8217;autres informations sp\u00e9cifiques, comme les pages consult\u00e9es plus fr\u00e9quemment, les erreurs de connexion, etc. Par cons\u00e9quent, pour une utilisation simple et compl\u00e8te d&#8217;un site web, il est conseill\u00e9 \u00e0 l&#8217;utilisateur de configurer son navigateur pour qu&#8217;il accepte la r\u00e9ception de ces cookies.<\/p>\n\n<p>Souvent, les navigateurs sont configur\u00e9s pour accepter automatiquement les cookies. Toutefois, les utilisateurs peuvent modifier la configuration par d\u00e9faut pour d\u00e9sactiver ou supprimer les cookies (de temps en temps ou d\u00e9finitivement), avec pour cons\u00e9quence que l&#8217;utilisation optimale de certaines zones du site peut \u00eatre exclue. Vous pouvez \u00e9galement v\u00e9rifier les m\u00e9thodes et les types de cookies stock\u00e9s sur votre navigateur en modifiant les param\u00e8tres de cookies de votre navigateur.<\/p>\n\n\n<h2>Caract\u00e9ristiques et finalit\u00e9s des cookies<\/h2>\n\n<p>notre Site utilise les cat\u00e9gories suivantes de cookies, qui peuvent provenir de TRINACRIAou de tiers.<\/p>\n\n<p>a)\tCookies techniques ;<br>\nIls sont utilis\u00e9s pour faciliter votre navigation sur le Site et l&#8217;utilisation de ses fonctionnalit\u00e9s. Les cookies techniques comprennent les cookies essentiels, qui permettent des fonctions sans lesquelles vous ne pourriez pas utiliser pleinement le Site, ainsi que les cookies de performance qui am\u00e9liorent la fonctionnalit\u00e9 du Site.\n<\/p>\n\n<p>b)\tCookies fonctionnels ;<br>\nIls permettent au Site de m\u00e9moriser les choix que vous avez faits (par exemple, la langue ou la zone g\u00e9ographique dans laquelle vous vous trouvez) et de les proposer de nouveau lors des acc\u00e8s ult\u00e9rieurs afin de fournir de meilleurs services plus personnalis\u00e9s (par exemple, ils peuvent \u00eatre utilis\u00e9s pour proposer un contenu similaire \u00e0 ceux que vous avez d\u00e9j\u00e0 demand\u00e9s).\n<\/p>\n\n\n<h2>M\u00e9thodologie de consentement \u00e0 l&#8217;installation de cookies<\/h2>\n\n<p>Lorsque vous acc\u00e9dez pour la premi\u00e8re fois au Site, vous trouverez un bandeau avec un lien vers ce relev\u00e9 o\u00f9 vous trouverez plus d&#8217;informations sur les cookies install\u00e9s par TRINACRIAet des tiers.\n<\/p>\n\n<p>Pour l&#8217;utilisation de cookies techniques et analytiques anonymes, votre consentement n&#8217;est pas requis. Vous pouvez cependant les d\u00e9sactiver en suivant la proc\u00e9dure d\u00e9crite dans la section &#8220;Comment activer ou d\u00e9sactiver les cookies sur vos navigateurs&#8221;.\n    <\/p>\n\n<p>En naviguant sur le Site, vous consentez \u00e0 l&#8217;utilisation de cookies. En tout \u00e9tat de cause, vous pouvez \u00e0 tout moment modifier vos pr\u00e9f\u00e9rences concernant les cookies, m\u00eame en refusant votre consentement \u00e0 l&#8217;utilisation des cookies (y compris les cookies install\u00e9s par des tiers le cas \u00e9ch\u00e9ant).\n    <\/p>\n\n\n<h2>Comment activer ou d\u00e9sactiver les cookies sur vos navigateurs :<\/h2>\n\n<p>Vous pouvez bloquer l&#8217;acceptation des cookies par votre navigateur. Cependant, cela peut le rendre moins efficace ou emp\u00eacher l&#8217;acc\u00e8s \u00e0 certaines fonctions ou pages du site.\n<\/p>\n\n<p>Vous trouverez ci-dessous les moyens par lesquels les principaux navigateurs peuvent bloquer l&#8217;acceptation des cookies :<\/p>\n<ul>\n    <li>Internet Explorer : <br>\n        <a href=\"https:\/\/support.microsoft.com\/fr-fr\/help\/17442\/windows-internet-explorer-delete-manage-cookies\">https:\/\/support.microsoft.com\/fr-fr\/help\/17442\/windows-internet-explorer-delete-manage-cookies<\/a><\/li>\n    <li>Firefox :<br>\n        <a href=\"https:\/\/support.mozilla.org\/fr\/kb\/empecher-sites-enregistrer-preferences#w_bloquer-les-cookies-pour-tous-les-sites\"> https:\/\/support.mozilla.org\/fr\/kb\/empecher-sites-enregistrer-preferences#w_bloquer-les-cookies-pour-tous-les-sites<\/a><\/li>\n    <li>\n        Chrome :<br>\n        <a href =\"https:\/\/support.google.com\/chrome\/answer\/95647?co=GENIE.Platform%3DDesktop&#038;hl=fr\">\n        https:\/\/support.google.com\/chrome\/answer\/95647?co=GENIE.Platform%3DDesktop&#038;hl=fr<\/a><\/li>\n    <li>\n        Safari :<br>\n        <a href=\"https:\/\/support.apple.com\/fr-fr\/guide\/safari\/sfri11471\/mac\">\n        <\/a><\/li>\n<\/ul>\n\n\n\n<p>Pour toute question relative \u00e0 la protection de vos donn\u00e9es personnelles, notre r\u00e9f\u00e9rent interne est \u00e0 votre enti\u00e8re disposition. Pour le contacter, merci d\u2019adresser vos demandes \u00e0 l\u2019adresse suivante ;<br>\n<a href=\"mailto:legroupenostra@gmail.com\">legroupenostra@gmail.com<\/a>    \n    <\/p>\n\n\n<p>R\u00e9vision et actualisation de la politique<\/p>\n\n<p>La pr\u00e9sente politique sera actualis\u00e9e autant que de besoin afin de r\u00e9pondre aux exigences de la r\u00e8glementation applicable \u00e0 la protection des donn\u00e9es. \n    <\/p>\n \n\n<p>Le 20\/03\/2025<\/p>\t\t\t\t\t\t\t\t<\/div>\n\t\t\t\t<\/div>\n\t\t\t\t\t<\/div>\n\t\t\t\t<\/div>\n\t\t\t\t<\/div>\n\t\t","protected":false},"excerpt":{"rendered":"<p>Politique de protection des donn\u00e9es personnelles Afin que vous puissiez naviguer sur notre site en toute tranquillit\u00e9 nous souhaitons partager avec vous sur cette page les finalit\u00e9s et les m\u00e9thodes de traitement des donn\u00e9es personnelles que nous collectons pendant votre navigation. Le traitement de vos donn\u00e9es personnelles est toujours bas\u00e9 sur les principes de l\u00e9galit\u00e9 [&hellip;]<\/p>\n","protected":false},"author":1,"featured_media":0,"parent":0,"menu_order":0,"comment_status":"closed","ping_status":"closed","template":"","meta":{"_acf_changed":false,"footnotes":""},"class_list":["post-368","page","type-page","status-publish","hentry"],"acf":[],"yoast_head":"<!-- This site is optimized with the Yoast SEO plugin v24.7 - https:\/\/yoast.com\/wordpress\/plugins\/seo\/ -->\n<title>Politique de protection des donn\u00e9es personnelles - L&#039;espace Chavanelle<\/title>\n<meta name=\"robots\" content=\"noindex, follow, max-snippet:-1, max-image-preview:large, max-video-preview:-1\" \/>\n<meta property=\"og:locale\" content=\"fr_FR\" \/>\n<meta property=\"og:type\" content=\"article\" \/>\n<meta property=\"og:title\" content=\"Politique de protection des donn\u00e9es personnelles - L&#039;espace Chavanelle\" \/>\n<meta property=\"og:description\" content=\"Politique de protection des donn\u00e9es personnelles Afin que vous puissiez naviguer sur notre site en toute tranquillit\u00e9 nous souhaitons partager avec vous sur cette page les finalit\u00e9s et les m\u00e9thodes de traitement des donn\u00e9es personnelles que nous collectons pendant votre navigation. Le traitement de vos donn\u00e9es personnelles est toujours bas\u00e9 sur les principes de l\u00e9galit\u00e9 [&hellip;]\" \/>\n<meta property=\"og:url\" content=\"https:\/\/www.espace-chavanelle.fr\/?page_id=368\" \/>\n<meta property=\"og:site_name\" content=\"L&#039;espace Chavanelle\" \/>\n<meta property=\"article:modified_time\" content=\"2025-03-20T13:22:16+00:00\" \/>\n<meta name=\"twitter:card\" content=\"summary_large_image\" \/>\n<meta name=\"twitter:label1\" content=\"Dur\u00e9e de lecture estim\u00e9e\" \/>\n\t<meta name=\"twitter:data1\" content=\"10 minutes\" \/>\n<script type=\"application\/ld+json\" class=\"yoast-schema-graph\">{\"@context\":\"https:\/\/schema.org\",\"@graph\":[{\"@type\":\"WebPage\",\"@id\":\"https:\/\/www.espace-chavanelle.fr\/?page_id=368\",\"url\":\"https:\/\/www.espace-chavanelle.fr\/?page_id=368\",\"name\":\"Politique de protection des donn\u00e9es personnelles - L&#039;espace Chavanelle\",\"isPartOf\":{\"@id\":\"https:\/\/www.espace-chavanelle.fr\/#website\"},\"datePublished\":\"2025-03-20T13:20:43+00:00\",\"dateModified\":\"2025-03-20T13:22:16+00:00\",\"breadcrumb\":{\"@id\":\"https:\/\/www.espace-chavanelle.fr\/?page_id=368#breadcrumb\"},\"inLanguage\":\"fr-FR\",\"potentialAction\":[{\"@type\":\"ReadAction\",\"target\":[\"https:\/\/www.espace-chavanelle.fr\/?page_id=368\"]}]},{\"@type\":\"BreadcrumbList\",\"@id\":\"https:\/\/www.espace-chavanelle.fr\/?page_id=368#breadcrumb\",\"itemListElement\":[{\"@type\":\"ListItem\",\"position\":1,\"name\":\"Accueil\",\"item\":\"https:\/\/www.espace-chavanelle.fr\/\"},{\"@type\":\"ListItem\",\"position\":2,\"name\":\"Politique de protection des donn\u00e9es personnelles\"}]},{\"@type\":\"WebSite\",\"@id\":\"https:\/\/www.espace-chavanelle.fr\/#website\",\"url\":\"https:\/\/www.espace-chavanelle.fr\/\",\"name\":\"L&#039;espace Chavanelle\",\"description\":\"\",\"potentialAction\":[{\"@type\":\"SearchAction\",\"target\":{\"@type\":\"EntryPoint\",\"urlTemplate\":\"https:\/\/www.espace-chavanelle.fr\/?s={search_term_string}\"},\"query-input\":{\"@type\":\"PropertyValueSpecification\",\"valueRequired\":true,\"valueName\":\"search_term_string\"}}],\"inLanguage\":\"fr-FR\"}]}<\/script>\n<!-- \/ Yoast SEO plugin. -->","yoast_head_json":{"title":"Politique de protection des donn\u00e9es personnelles - L&#039;espace Chavanelle","robots":{"index":"noindex","follow":"follow","max-snippet":"max-snippet:-1","max-image-preview":"max-image-preview:large","max-video-preview":"max-video-preview:-1"},"og_locale":"fr_FR","og_type":"article","og_title":"Politique de protection des donn\u00e9es personnelles - L&#039;espace Chavanelle","og_description":"Politique de protection des donn\u00e9es personnelles Afin que vous puissiez naviguer sur notre site en toute tranquillit\u00e9 nous souhaitons partager avec vous sur cette page les finalit\u00e9s et les m\u00e9thodes de traitement des donn\u00e9es personnelles que nous collectons pendant votre navigation. Le traitement de vos donn\u00e9es personnelles est toujours bas\u00e9 sur les principes de l\u00e9galit\u00e9 [&hellip;]","og_url":"https:\/\/www.espace-chavanelle.fr\/?page_id=368","og_site_name":"L&#039;espace Chavanelle","article_modified_time":"2025-03-20T13:22:16+00:00","twitter_card":"summary_large_image","twitter_misc":{"Dur\u00e9e de lecture estim\u00e9e":"10 minutes"},"schema":{"@context":"https:\/\/schema.org","@graph":[{"@type":"WebPage","@id":"https:\/\/www.espace-chavanelle.fr\/?page_id=368","url":"https:\/\/www.espace-chavanelle.fr\/?page_id=368","name":"Politique de protection des donn\u00e9es personnelles - L&#039;espace Chavanelle","isPartOf":{"@id":"https:\/\/www.espace-chavanelle.fr\/#website"},"datePublished":"2025-03-20T13:20:43+00:00","dateModified":"2025-03-20T13:22:16+00:00","breadcrumb":{"@id":"https:\/\/www.espace-chavanelle.fr\/?page_id=368#breadcrumb"},"inLanguage":"fr-FR","potentialAction":[{"@type":"ReadAction","target":["https:\/\/www.espace-chavanelle.fr\/?page_id=368"]}]},{"@type":"BreadcrumbList","@id":"https:\/\/www.espace-chavanelle.fr\/?page_id=368#breadcrumb","itemListElement":[{"@type":"ListItem","position":1,"name":"Accueil","item":"https:\/\/www.espace-chavanelle.fr\/"},{"@type":"ListItem","position":2,"name":"Politique de protection des donn\u00e9es personnelles"}]},{"@type":"WebSite","@id":"https:\/\/www.espace-chavanelle.fr\/#website","url":"https:\/\/www.espace-chavanelle.fr\/","name":"L&#039;espace Chavanelle","description":"","potentialAction":[{"@type":"SearchAction","target":{"@type":"EntryPoint","urlTemplate":"https:\/\/www.espace-chavanelle.fr\/?s={search_term_string}"},"query-input":{"@type":"PropertyValueSpecification","valueRequired":true,"valueName":"search_term_string"}}],"inLanguage":"fr-FR"}]}},"_links":{"self":[{"href":"https:\/\/www.espace-chavanelle.fr\/index.php?rest_route=\/wp\/v2\/pages\/368","targetHints":{"allow":["GET"]}}],"collection":[{"href":"https:\/\/www.espace-chavanelle.fr\/index.php?rest_route=\/wp\/v2\/pages"}],"about":[{"href":"https:\/\/www.espace-chavanelle.fr\/index.php?rest_route=\/wp\/v2\/types\/page"}],"author":[{"embeddable":true,"href":"https:\/\/www.espace-chavanelle.fr\/index.php?rest_route=\/wp\/v2\/users\/1"}],"replies":[{"embeddable":true,"href":"https:\/\/www.espace-chavanelle.fr\/index.php?rest_route=%2Fwp%2Fv2%2Fcomments&post=368"}],"version-history":[{"count":8,"href":"https:\/\/www.espace-chavanelle.fr\/index.php?rest_route=\/wp\/v2\/pages\/368\/revisions"}],"predecessor-version":[{"id":412,"href":"https:\/\/www.espace-chavanelle.fr\/index.php?rest_route=\/wp\/v2\/pages\/368\/revisions\/412"}],"wp:attachment":[{"href":"https:\/\/www.espace-chavanelle.fr\/index.php?rest_route=%2Fwp%2Fv2%2Fmedia&parent=368"}],"curies":[{"name":"wp","href":"https:\/\/api.w.org\/{rel}","templated":true}]}}